{"id":1852,"date":"2024-07-29T17:23:21","date_gmt":"2024-07-29T21:23:21","guid":{"rendered":"https:\/\/embrion.com.py\/vitalia\/?page_id=1852"},"modified":"2026-02-19T16:53:17","modified_gmt":"2026-02-19T19:53:17","slug":"solicita-ahora","status":"publish","type":"page","link":"https:\/\/vitalia.com.py\/limpio\/solicita-ahora\/","title":{"rendered":"SOLICIT\u00c1 AHORA"},"content":{"rendered":"<p>[et_pb_section fb_built=\u00bb1&#8243; fullwidth=\u00bbon\u00bb _builder_version=\u00bb4.27.0&#8243; _module_preset=\u00bbdefault\u00bb global_colors_info=\u00bb{}\u00bb][et_pb_fullwidth_header title=\u00bbEstamos aqu\u00ed para ayudarte\u00bb text_orientation=\u00bbcenter\u00bb background_overlay_color=\u00bbrgba(0,0,0,0.3)\u00bb _builder_version=\u00bb4.27.0&#8243; _module_preset=\u00bbdefault\u00bb title_font=\u00bb|600|||||||\u00bb title_font_size=\u00bb50px\u00bb content_font=\u00bb||on||||||\u00bb content_text_align=\u00bbcenter\u00bb content_font_size=\u00bb24px\u00bb background_enable_color=\u00bboff\u00bb background_image=\u00bbhttp:\/\/vitalia.com.py\/wp-content\/uploads\/2024\/08\/solicita-ahora.jpg\u00bb background_position=\u00bbtop_center\u00bb background_vertical_offset=\u00bb20%\u00bb custom_button_one=\u00bbon\u00bb button_one_text_size=\u00bb14px\u00bb button_one_font=\u00bb|||on|||||\u00bb custom_padding=\u00bb200px||200px||false|false\u00bb global_colors_info=\u00bb{}\u00bb][\/et_pb_fullwidth_header][\/et_pb_section][et_pb_section fb_built=\u00bb1&#8243; inner_shadow=\u00bbon\u00bb disabled_on=\u00bboff|off|off\u00bb _builder_version=\u00bb4.27.0&#8243; _module_preset=\u00bbdefault\u00bb background_color=\u00bbrgba(0,0,0,0.31)\u00bb background_image=\u00bbhttp:\/\/vitalia.com.py\/wp-content\/uploads\/2024\/06\/natural-grass-close-up.jpg\u00bb background_blend=\u00bboverlay\u00bb custom_padding=\u00bb100px||100px||false|false\u00bb locked=\u00bboff\u00bb global_colors_info=\u00bb{}\u00bb][et_pb_row column_structure=\u00bb1_2,1_2&#8243; use_custom_gutter=\u00bbon\u00bb make_equal=\u00bbon\u00bb _builder_version=\u00bb4.27.0&#8243; _module_preset=\u00bbdefault\u00bb global_colors_info=\u00bb{}\u00bb][et_pb_column type=\u00bb1_2&#8243; _builder_version=\u00bb4.25.2&#8243; _module_preset=\u00bbdefault\u00bb custom_padding=\u00bb30px|20px|30px|20px|false|false\u00bb animation_style=\u00bbslide\u00bb animation_direction=\u00bbbottom\u00bb animation_intensity_slide=\u00bb20%\u00bb global_colors_info=\u00bb{}\u00bb][et_pb_text _builder_version=\u00bb4.27.0&#8243; _module_preset=\u00bbdefault\u00bb header_2_font=\u00bb|800|||||||\u00bb header_2_font_size=\u00bb40px\u00bb background_layout=\u00bbdark\u00bb locked=\u00bboff\u00bb global_colors_info=\u00bb{}\u00bb]<\/p>\n<h3 style=\"text-align: left;\">\u00a1Solicit\u00e1 ya!<\/h3>\n<p>Envianos tus datos directamente a trav\u00e9s del siguiente formulario y nos pondremos en contacto contigo.<br \/>Tambi\u00e9n pod\u00e9s incluir todas las tus consultas o comentarios.<\/p>\n<p>[\/et_pb_text][et_pb_code disabled_on=\u00bbon|on|on\u00bb admin_label=\u00bbC\u00f3digo anterior\u00bb _builder_version=\u00bb4.27.0&#8243; _module_preset=\u00bbdefault\u00bb background_color=\u00bb#FFFFFF\u00bb custom_padding=\u00bb50px|50px|50px|50px|false|false\u00bb disabled=\u00bbon\u00bb global_colors_info=\u00bb{}\u00bb]<script charset=\"utf-8\" type=\"text\/javascript\" src=\"\/\/js.hsforms.net\/forms\/embed\/v2.js\"><\/script><!-- [et_pb_line_break_holder] --><script><!-- [et_pb_line_break_holder] -->  hbspt.forms.create({<!-- [et_pb_line_break_holder] -->    region: \"na1\",<!-- [et_pb_line_break_holder] -->    portalId: \"46151743\",<!-- [et_pb_line_break_holder] -->    formId: \"bf0c76cf-0ab1-4781-8fcc-ba058147bf31\"<!-- [et_pb_line_break_holder] -->  });<!-- [et_pb_line_break_holder] --><\/script><!-- [et_pb_line_break_holder] -->[\/et_pb_code][et_pb_code _builder_version=\u00bb4.27.0&#8243; _module_preset=\u00bbdefault\u00bb background_color=\u00bb#FFFFFF\u00bb custom_padding=\u00bb50px|50px|50px|50px|false|false\u00bb global_colors_info=\u00bb{}\u00bb]<script charset=\"utf-8\" type=\"text\/javascript\" src=\"\/\/js.hsforms.net\/forms\/embed\/v2.js\"><\/script><!-- [et_pb_line_break_holder] --><script><!-- [et_pb_line_break_holder] -->  hbspt.forms.create({<!-- [et_pb_line_break_holder] -->    portalId: \"46151743\",<!-- [et_pb_line_break_holder] -->    formId: \"dfbbddde-3ed5-4dd4-ae13-fcae0b28016a\"<!-- [et_pb_line_break_holder] -->  });<!-- [et_pb_line_break_holder] --><\/script>[\/et_pb_code][\/et_pb_column][et_pb_column type=\u00bb1_2&#8243; _builder_version=\u00bb4.27.0&#8243; _module_preset=\u00bbdefault\u00bb background_color=\u00bbrgba(60,71,44,0.8)\u00bb custom_padding=\u00bb30px|30px|30px|30px|false|false\u00bb animation_style=\u00bbslide\u00bb animation_direction=\u00bbbottom\u00bb animation_intensity_slide=\u00bb20%\u00bb global_colors_info=\u00bb{}\u00bb][et_pb_text _builder_version=\u00bb4.27.0&#8243; _module_preset=\u00bbdefault\u00bb header_2_font=\u00bb|800|||||||\u00bb header_2_font_size=\u00bb40px\u00bb background_layout=\u00bbdark\u00bb locked=\u00bboff\u00bb global_colors_info=\u00bb{}\u00bb]<\/p>\n<h3 style=\"text-align: left;\">\u00bfTen\u00e9s alguna pregunta?<\/h3>\n<p>Puedes ponerte en contacto con nosotros a trav\u00e9s de los siguientes medios:[\/et_pb_text][et_pb_blurb title=\u00bbWhatsApp:\u00bb use_icon=\u00bbon\u00bb font_icon=\u00bb&#xf232;||fa||400&#8243; icon_color=\u00bb#FFFFFF\u00bb icon_placement=\u00bbleft\u00bb image_icon_width=\u00bb25px\u00bb _builder_version=\u00bb4.27.0&#8243; _module_preset=\u00bbdefault\u00bb header_font=\u00bb||||||||\u00bb header_text_color=\u00bb#FFFFFF\u00bb header_font_size=\u00bb26px\u00bb body_text_color=\u00bb#FFFFFF\u00bb custom_margin=\u00bb||20px||false|false\u00bb global_colors_info=\u00bb{}\u00bb]<\/p>\n<p>\u00a1Escribinos! Un miembro de nuestro equipo estar\u00e1 encantado de asistirte.<br \/><strong>0981763263<\/strong><\/p>\n<p>[\/et_pb_blurb][et_pb_blurb title=\u00bbCorreo Electr\u00f3nico:\u00bb use_icon=\u00bbon\u00bb font_icon=\u00bb&#xe010;||divi||400&#8243; icon_color=\u00bb#FFFFFF\u00bb icon_placement=\u00bbleft\u00bb image_icon_width=\u00bb25px\u00bb _builder_version=\u00bb4.27.0&#8243; _module_preset=\u00bbdefault\u00bb header_font=\u00bb||||||||\u00bb header_text_color=\u00bb#FFFFFF\u00bb header_font_size=\u00bb26px\u00bb body_text_color=\u00bb#FFFFFF\u00bb custom_margin=\u00bb||20px||false|false\u00bb global_colors_info=\u00bb{}\u00bb]<\/p>\n<p>Env\u00eda un correo a y te responderemos en menos de 24 horas.<br \/><strong><span style=\"color: #ffffff;\"><a href=\"mailto:ventas@vitalia.com.py\" style=\"color: #ffffff;\">ventas@vitalia.com.py<\/a><\/span><\/strong><\/p>\n<p>[\/et_pb_blurb][et_pb_blurb title=\u00bbDirecci\u00f3n\u00bb use_icon=\u00bbon\u00bb font_icon=\u00bb&#xe01d;||divi||400&#8243; icon_color=\u00bb#FFFFFF\u00bb icon_placement=\u00bbleft\u00bb image_icon_width=\u00bb25px\u00bb _builder_version=\u00bb4.27.0&#8243; _module_preset=\u00bbdefault\u00bb header_font=\u00bb||||||||\u00bb header_text_color=\u00bb#FFFFFF\u00bb header_font_size=\u00bb26px\u00bb body_text_color=\u00bb#FFFFFF\u00bb custom_margin=\u00bb||20px||false|false\u00bb global_colors_info=\u00bb{}\u00bb]<\/p>\n<p>Lillo Robles esq. Capit\u00e1n Herminio Maldonado. Asunci\u00f3n, Paraguay.<\/p>\n<p>[\/et_pb_blurb][\/et_pb_column][\/et_pb_row][\/et_pb_section]<\/p>\n","protected":false},"excerpt":{"rendered":"<p>\u00a1Solicit\u00e1 ya! Envianos tus datos directamente a trav\u00e9s del siguiente formulario y nos pondremos en contacto contigo.Tambi\u00e9n pod\u00e9s incluir todas las tus consultas o comentarios.\u00bfTen\u00e9s alguna pregunta? Puedes ponerte en contacto con nosotros a trav\u00e9s de los siguientes medios:\u00a1Escribinos! Un miembro de nuestro equipo estar\u00e1 encantado de asistirte.0981763263Env\u00eda un correo a y te responderemos en [&hellip;]<\/p>\n","protected":false},"author":1,"featured_media":0,"parent":0,"menu_order":0,"comment_status":"closed","ping_status":"closed","template":"","meta":{"_et_pb_use_builder":"on","_et_pb_old_content":"","_et_gb_content_width":"","_joinchat":[],"footnotes":""},"difl_page_category":[],"class_list":["post-1852","page","type-page","status-publish","hentry"],"aioseo_notices":[],"_links":{"self":[{"href":"https:\/\/vitalia.com.py\/limpio\/wp-json\/wp\/v2\/pages\/1852","targetHints":{"allow":["GET"]}}],"collection":[{"href":"https:\/\/vitalia.com.py\/limpio\/wp-json\/wp\/v2\/pages"}],"about":[{"href":"https:\/\/vitalia.com.py\/limpio\/wp-json\/wp\/v2\/types\/page"}],"author":[{"embeddable":true,"href":"https:\/\/vitalia.com.py\/limpio\/wp-json\/wp\/v2\/users\/1"}],"replies":[{"embeddable":true,"href":"https:\/\/vitalia.com.py\/limpio\/wp-json\/wp\/v2\/comments?post=1852"}],"version-history":[{"count":7,"href":"https:\/\/vitalia.com.py\/limpio\/wp-json\/wp\/v2\/pages\/1852\/revisions"}],"predecessor-version":[{"id":2775,"href":"https:\/\/vitalia.com.py\/limpio\/wp-json\/wp\/v2\/pages\/1852\/revisions\/2775"}],"wp:attachment":[{"href":"https:\/\/vitalia.com.py\/limpio\/wp-json\/wp\/v2\/media?parent=1852"}],"wp:term":[{"taxonomy":"difl_page_category","embeddable":true,"href":"https:\/\/vitalia.com.py\/limpio\/wp-json\/wp\/v2\/difl_page_category?post=1852"}],"curies":[{"name":"wp","href":"https:\/\/api.w.org\/{rel}","templated":true}]}}