{"id":1494,"date":"2024-06-09T09:43:19","date_gmt":"2024-06-09T13:43:19","guid":{"rendered":"https:\/\/embrion.com.py\/vitalia\/?page_id=1494"},"modified":"2026-02-27T10:04:50","modified_gmt":"2026-02-27T13:04:50","slug":"inicio","status":"publish","type":"page","link":"https:\/\/vitalia.com.py\/luque\/","title":{"rendered":"Inicio"},"content":{"rendered":"<p>[et_pb_section fb_built=\u00bb1&#8243; fullwidth=\u00bbon\u00bb _builder_version=\u00bb4.25.2&#8243; _module_preset=\u00bbdefault\u00bb global_colors_info=\u00bb{}\u00bb][et_pb_fullwidth_slider use_bg_overlay=\u00bboff\u00bb _builder_version=\u00bb4.27.4&#8243; _module_preset=\u00bbdefault\u00bb header_font=\u00bb|700|||||||\u00bb body_font=\u00bb&#8211;et_global_heading_font||on||||||\u00bb body_font_size=\u00bb24px\u00bb auto=\u00bbon\u00bb auto_speed=\u00bb5000&#8243; global_colors_info=\u00bb{}\u00bb][et_pb_slide heading=\u00bb\u00a1Tu casa propia hoy! \u00bb button_text=\u00bbSolicit\u00e1 ahora\u00bb button_link=\u00bb@ET-DC@eyJkeW5hbWljIjp0cnVlLCJjb250ZW50IjoicG9zdF9saW5rX3VybF9wYWdlIiwic2V0dGluZ3MiOnsicG9zdF9pZCI6IjE4NTIifX0=@\u00bb _builder_version=\u00bb4.27.4&#8243; _dynamic_attributes=\u00bbbutton_link\u00bb _module_preset=\u00bbdefault\u00bb background_enable_color=\u00bboff\u00bb background_enable_image=\u00bboff\u00bb background_video_mp4=\u00bbhttp:\/\/vitalia.com.py\/wp-content\/uploads\/2024\/06\/familia.mp4&#8243; background_enable_video_mp4=\u00bbon\u00bb custom_button=\u00bbon\u00bb button_text_size=\u00bb14px\u00bb global_colors_info=\u00bb{}\u00bb sticky_transition=\u00bbon\u00bb]<\/p>\n<p>Vitalia te ofrece una vivienda en un lugar seguro, amplio, con las comodidades que necesitas<br \/>y cerca de todo.<\/p>\n<p>[\/et_pb_slide][et_pb_slide heading=\u00bb\u00a1Tu casa propia hoy! \u00bb button_text=\u00bbSolicit\u00e1 ahora\u00bb button_link=\u00bb@ET-DC@eyJkeW5hbWljIjp0cnVlLCJjb250ZW50IjoicG9zdF9saW5rX3VybF9wYWdlIiwic2V0dGluZ3MiOnsicG9zdF9pZCI6IjE4NTIifX0=@\u00bb _builder_version=\u00bb4.27.4&#8243; _dynamic_attributes=\u00bbbutton_link\u00bb _module_preset=\u00bbdefault\u00bb background_enable_color=\u00bboff\u00bb background_enable_image=\u00bboff\u00bb background_video_mp4=\u00bbhttp:\/\/vitalia.com.py\/wp-content\/uploads\/2024\/06\/familia.mp4&#8243; background_enable_video_mp4=\u00bbon\u00bb custom_button=\u00bbon\u00bb button_text_size=\u00bb14px\u00bb global_colors_info=\u00bb{}\u00bb sticky_transition=\u00bbon\u00bb]<\/p>\n<p>Descubr\u00ed nuestras viviendas dise\u00f1adas para ofrecer calidad de vida, seguridad y un entorno<br \/>acogedor para tu familia. \u00a1Hace de tu sue\u00f1o una realidad y reserv\u00e1 tu unidad hoy mismo!<\/p>\n<p>[\/et_pb_slide][\/et_pb_fullwidth_slider][\/et_pb_section][et_pb_section fb_built=\u00bb1&#8243; _builder_version=\u00bb4.27.0&#8243; _module_preset=\u00bbdefault\u00bb custom_padding=\u00bb100px||100px||false|false\u00bb global_colors_info=\u00bb{}\u00bb][et_pb_row column_structure=\u00bb1_2,1_2&#8243; disabled_on=\u00bboff|off|off\u00bb _builder_version=\u00bb4.27.0&#8243; _module_preset=\u00bbdefault\u00bb locked=\u00bboff\u00bb global_colors_info=\u00bb{}\u00bb][et_pb_column type=\u00bb1_2&#8243; _builder_version=\u00bb4.27.0&#8243; _module_preset=\u00bbdefault\u00bb animation_style=\u00bbfade\u00bb animation_direction=\u00bbleft\u00bb animation_duration=\u00bb800ms\u00bb global_colors_info=\u00bb{}\u00bb][et_pb_image src=\u00bbhttp:\/\/vitalia.com.py\/wp-content\/uploads\/2024\/08\/Mesa-de-trabajo-12.png\u00bb title_text=\u00bbMesa de trabajo 12&#8243; _builder_version=\u00bb4.27.0&#8243; _module_preset=\u00bbdefault\u00bb animation_direction=\u00bbbottom\u00bb global_colors_info=\u00bb{}\u00bb][\/et_pb_image][\/et_pb_column][et_pb_column type=\u00bb1_2&#8243; _builder_version=\u00bb4.27.0&#8243; _module_preset=\u00bbdefault\u00bb animation_style=\u00bbfade\u00bb animation_direction=\u00bbbottom\u00bb global_colors_info=\u00bb{}\u00bb][et_pb_divider color=\u00bbRGBA(255,255,255,0)\u00bb _builder_version=\u00bb4.27.0&#8243; _module_preset=\u00bbdefault\u00bb global_colors_info=\u00bb{}\u00bb][\/et_pb_divider][et_pb_text _builder_version=\u00bb4.27.0&#8243; _module_preset=\u00bbdefault\u00bb header_2_font=\u00bb|800|||||||\u00bb header_2_font_size=\u00bb40px\u00bb animation_style=\u00bbslide\u00bb animation_direction=\u00bbbottom\u00bb animation_intensity_slide=\u00bb20%\u00bb global_colors_info=\u00bb{}\u00bb]<\/p>\n<h2 style=\"text-align: left;\">\u00bfPor qu\u00e9 elegir Vitalia?<\/h2>\n<p>[\/et_pb_text][et_pb_text _builder_version=\u00bb4.27.0&#8243; _module_preset=\u00bbdefault\u00bb header_2_font=\u00bb|800|||||||\u00bb header_2_font_size=\u00bb40px\u00bb animation_style=\u00bbfade\u00bb animation_duration=\u00bb800ms\u00bb global_colors_info=\u00bb{}\u00bb]<\/p>\n<p>Contamos con ubicaci\u00f3n estrat\u00e9gica e inmejorable cerca de supermercados, club social, supermercados express, estaci\u00f3n de servicio, colegios y shopping; con el fin de maximizar la accesibilidad a servicios esenciales y transporte que bene\ufb01cia a los residentes al mejorar su calidad de vida, y tambi\u00e9n contribuye a la creaci\u00f3n de comunidades m\u00e1s sostenibles y equitativas.<\/p>\n<p>[\/et_pb_text][\/et_pb_column][\/et_pb_row][\/et_pb_section][et_pb_section fb_built=\u00bb1&#8243; _builder_version=\u00bb4.27.0&#8243; _module_preset=\u00bbdefault\u00bb background_color=\u00bbrgba(172,208,132,0.25)\u00bb global_colors_info=\u00bb{}\u00bb][et_pb_row column_structure=\u00bb1_3,1_3,1_3&#8243; make_equal=\u00bbon\u00bb disabled_on=\u00bbon|on|on\u00bb _builder_version=\u00bb4.27.0&#8243; _module_preset=\u00bbdefault\u00bb disabled=\u00bbon\u00bb global_colors_info=\u00bb{}\u00bb][et_pb_column type=\u00bb1_3&#8243; _builder_version=\u00bb4.27.0&#8243; _module_preset=\u00bbdefault\u00bb custom_padding=\u00bb20px|20px|40px|20px|false|false\u00bb border_width_all=\u00bb8px\u00bb border_color_all=\u00bb#FFFFFF\u00bb global_colors_info=\u00bb{}\u00bb][et_pb_text _builder_version=\u00bb4.27.0&#8243; _module_preset=\u00bbdefault\u00bb header_2_font=\u00bb|800|||||||\u00bb header_2_font_size=\u00bb30px\u00bb global_colors_info=\u00bb{}\u00bb]<\/p>\n<h2 style=\"text-align: center;\"><strong>TU CASA<\/strong><\/h2>\n<p>[\/et_pb_text][et_pb_image src=\u00bbhttp:\/\/vitalia.com.py\/wp-content\/uploads\/2024\/08\/tu-casa.jpg\u00bb title_text=\u00bbtu casa\u00bb _builder_version=\u00bb4.27.0&#8243; _module_preset=\u00bbdefault\u00bb custom_padding=\u00bb|20px||20px|false|false\u00bb global_colors_info=\u00bb{}\u00bb][\/et_pb_image][et_pb_text _builder_version=\u00bb4.27.0&#8243; _module_preset=\u00bbdefault\u00bb custom_padding=\u00bb20px|20px|20px|20px|false|false\u00bb global_colors_info=\u00bb{}\u00bb]<\/p>\n<p style=\"text-align: center;\">Nos basamos en implementar tecnolog\u00edas sostenibles en los proyectos inmobiliarios que benficia a reducir los costos a largo plazo, y tambi\u00e9n demuestra un compromiso con la preservaci\u00f3n del medio ambiente y la construcci\u00f3n de un futuro m\u00e1s sostenible y resiliente.<\/p>\n<p>[\/et_pb_text][\/et_pb_column][et_pb_column type=\u00bb1_3&#8243; _builder_version=\u00bb4.27.0&#8243; _module_preset=\u00bbdefault\u00bb custom_padding=\u00bb20px|20px|40px|20px|false|false\u00bb global_colors_info=\u00bb{}\u00bb][et_pb_text _builder_version=\u00bb4.27.0&#8243; _module_preset=\u00bbdefault\u00bb header_2_font=\u00bb|800|||||||\u00bb header_2_font_size=\u00bb30px\u00bb global_colors_info=\u00bb{}\u00bb]<\/p>\n<h2 style=\"text-align: center;\"><strong>PROPIA<\/strong><\/h2>\n<p>[\/et_pb_text][et_pb_image src=\u00bbhttp:\/\/vitalia.com.py\/wp-content\/uploads\/2024\/08\/propia.jpg\u00bb title_text=\u00bbpropia\u00bb _builder_version=\u00bb4.27.0&#8243; _module_preset=\u00bbdefault\u00bb custom_padding=\u00bb|20px||20px|false|false\u00bb global_colors_info=\u00bb{}\u00bb][\/et_pb_image][et_pb_text _builder_version=\u00bb4.27.0&#8243; _module_preset=\u00bbdefault\u00bb custom_padding=\u00bb20px|20px|20px|20px|false|false\u00bb global_colors_info=\u00bb{}\u00bb]<\/p>\n<p style=\"text-align: center;\">Colaboramos con entidades financieras trabajando en conjunto para ofrecer soluciones de financiamiento accesibles potenciando la propiedad de la vivienda y mejorar la calidad de vida de las personas al facilitarles el camino hacia la adquisici\u00f3n de un hogar propio.<\/p>\n<p>[\/et_pb_text][\/et_pb_column][et_pb_column type=\u00bb1_3&#8243; _builder_version=\u00bb4.27.0&#8243; _module_preset=\u00bbdefault\u00bb custom_padding=\u00bb20px|20px|40px|20px|false|false\u00bb global_colors_info=\u00bb{}\u00bb][et_pb_text _builder_version=\u00bb4.27.0&#8243; _module_preset=\u00bbdefault\u00bb header_2_font=\u00bb|800|||||||\u00bb header_2_font_size=\u00bb30px\u00bb global_colors_info=\u00bb{}\u00bb]<\/p>\n<h2 style=\"text-align: center;\"><strong>HOY<\/strong><\/h2>\n<p>[\/et_pb_text][et_pb_image src=\u00bbhttp:\/\/vitalia.com.py\/wp-content\/uploads\/2024\/08\/hoy_.png\u00bb title_text=\u00bbhoy_\u00bb _builder_version=\u00bb4.27.0&#8243; _module_preset=\u00bbdefault\u00bb custom_padding=\u00bb|20px||20px|false|false\u00bb global_colors_info=\u00bb{}\u00bb][\/et_pb_image][et_pb_text _builder_version=\u00bb4.27.0&#8243; _module_preset=\u00bbdefault\u00bb custom_padding=\u00bb20px|20px|20px|20px|false|false\u00bb global_colors_info=\u00bb{}\u00bb]<\/p>\n<p style=\"text-align: center;\">Creamos programas comunitarios con enfoque integral donde la implementaci\u00f3n de programas comunitarios promete ser efectivo al acelerar la entrega de proyectos y al recibir una respuesta positiva tanto de los beneficiarios como de la comunidad en general.<\/p>\n<p>[\/et_pb_text][\/et_pb_column][\/et_pb_row][et_pb_row column_structure=\u00bb1_3,1_3,1_3&#8243; use_custom_gutter=\u00bbon\u00bb gutter_width=\u00bb2&#8243; make_equal=\u00bbon\u00bb _builder_version=\u00bb4.27.0&#8243; _module_preset=\u00bbdefault\u00bb background_enable_image=\u00bboff\u00bb global_colors_info=\u00bb{}\u00bb][et_pb_column type=\u00bb1_3&#8243; _builder_version=\u00bb4.27.0&#8243; _module_preset=\u00bbdefault\u00bb background_image=\u00bbhttp:\/\/vitalia.com.py\/wp-content\/uploads\/2024\/08\/tu-casa.png\u00bb global_colors_info=\u00bb{}\u00bb][et_pb_text _builder_version=\u00bb4.27.0&#8243; _module_preset=\u00bbdefault\u00bb custom_padding=\u00bb300px|40px|100px|40px|false|false\u00bb global_colors_info=\u00bb{}\u00bb]<\/p>\n<p style=\"text-align: center;\"><span>Nos basamos en implementar tecnolog\u00edas sostenibles en los proyectos inmobiliarios que beneficia a reducir los costos a largo plazo, y tambi\u00e9n demuestra un compromiso con la preservaci\u00f3n del medio ambiente y la construcci\u00f3n de un futuro m\u00e1s sostenible y resiliente.<\/span><\/p>\n<p>[\/et_pb_text][\/et_pb_column][et_pb_column type=\u00bb1_3&#8243; _builder_version=\u00bb4.27.0&#8243; _module_preset=\u00bbdefault\u00bb background_image=\u00bbhttp:\/\/vitalia.com.py\/wp-content\/uploads\/2024\/08\/propia.png\u00bb global_colors_info=\u00bb{}\u00bb][et_pb_text _builder_version=\u00bb4.27.0&#8243; _module_preset=\u00bbdefault\u00bb custom_padding=\u00bb300px|40px|100px|40px|false|false\u00bb global_colors_info=\u00bb{}\u00bb]<\/p>\n<p style=\"text-align: center;\"><span>Colaboramos con entidades financieras trabajando en conjunto para ofrecer soluciones de financiamiento accesibles potenciando la propiedad de la vivienda y mejorar la calidad de vida de las personas al facilitarles el camino hacia la adquisici\u00f3n de un hogar propio.<\/span><\/p>\n<p>[\/et_pb_text][\/et_pb_column][et_pb_column type=\u00bb1_3&#8243; _builder_version=\u00bb4.27.0&#8243; _module_preset=\u00bbdefault\u00bb background_image=\u00bbhttp:\/\/vitalia.com.py\/wp-content\/uploads\/2024\/08\/hoy_.png\u00bb global_colors_info=\u00bb{}\u00bb][et_pb_text _builder_version=\u00bb4.27.0&#8243; _module_preset=\u00bbdefault\u00bb custom_padding=\u00bb300px|40px|100px|40px|false|false\u00bb global_colors_info=\u00bb{}\u00bb]<\/p>\n<p style=\"text-align: center;\"><span>Creamos programas comunitarios con enfoque integral donde la implementaci\u00f3n de programas comunitarios promete ser efectivo al acelerar la entrega de proyectos y al recibir una respuesta positiva tanto de los beneficiarios como de la comunidad en general.<\/span><\/p>\n<p>[\/et_pb_text][\/et_pb_column][\/et_pb_row][\/et_pb_section][et_pb_section fb_built=\u00bb1&#8243; _builder_version=\u00bb4.27.0&#8243; _module_preset=\u00bbdefault\u00bb custom_padding=\u00bb10px||||false|false\u00bb global_colors_info=\u00bb{}\u00bb][et_pb_row use_custom_gutter=\u00bbon\u00bb gutter_width=\u00bb1&#8243; make_equal=\u00bbon\u00bb _builder_version=\u00bb4.27.0&#8243; _module_preset=\u00bbdefault\u00bb width=\u00bb100%\u00bb max_width=\u00bb100%\u00bb custom_padding=\u00bb0px||0px||false|false\u00bb global_colors_info=\u00bb{}\u00bb][et_pb_column type=\u00bb4_4&#8243; _builder_version=\u00bb4.27.0&#8243; _module_preset=\u00bbdefault\u00bb global_colors_info=\u00bb{}\u00bb][ba_image_carousel content_alignment=\u00bbcenter\u00bb is_autoplay=\u00bboff\u00bb use_pagi=\u00bbon\u00bb is_variable_width=\u00bbon\u00bb slide_width=\u00bb1000px\u00bb slide_spacing=\u00bb5px\u00bb css_transition=\u00bblinear\u00bb is_center=\u00bbon\u00bb nav_icon_size=\u00bb50px\u00bb nav_color=\u00bb#ffffff\u00bb nav_bg=\u00bbRGBA(255,255,255,0)\u00bb nav_pos_x=\u00bb20px\u00bb icon_left=\u00bb&#xf104;||fa||900&#8243; icon_right=\u00bb&#xf105;||fa||900&#8243; pagi_bg=\u00bbrgba(60,71,44,0.3)\u00bb pagi_pos_y=\u00bb0px\u00bb _builder_version=\u00bb4.27.4&#8243; _module_preset=\u00bbdefault\u00bb global_colors_info=\u00bb{}\u00bb][ba_image_carousel_child admin_title=\u00bb04 (queda primero contando desde la izq)\u00bb photo=\u00bbhttps:\/\/vitalia.com.py\/luque\/wp-content\/uploads\/2026\/02\/vitalia-luque-portada-1.jpg\u00bb _builder_version=\u00bb4.27.4&#8243; global_colors_info=\u00bb{}\u00bb][\/ba_image_carousel_child][ba_image_carousel_child admin_title=\u00bb03&#8243; photo=\u00bbhttps:\/\/vitalia.com.py\/luque\/wp-content\/uploads\/2026\/02\/07.jpg\u00bb _builder_version=\u00bb4.27.4&#8243; global_colors_info=\u00bb{}\u00bb][\/ba_image_carousel_child][ba_image_carousel_child admin_title=\u00bb01- medio\u00bb photo=\u00bbhttps:\/\/vitalia.com.py\/luque\/wp-content\/uploads\/2026\/02\/01.jpg\u00bb _builder_version=\u00bb4.27.4&#8243; global_colors_info=\u00bb{}\u00bb][\/ba_image_carousel_child][ba_image_carousel_child admin_title=\u00bb02&#8243; photo=\u00bbhttps:\/\/vitalia.com.py\/luque\/wp-content\/uploads\/2026\/02\/05.jpg\u00bb _builder_version=\u00bb4.27.4&#8243; global_colors_info=\u00bb{}\u00bb][\/ba_image_carousel_child][\/ba_image_carousel][\/et_pb_column][\/et_pb_row][\/et_pb_section][et_pb_section fb_built=\u00bb1&#8243; disabled_on=\u00bbon|on|on\u00bb _builder_version=\u00bb4.27.4&#8243; _module_preset=\u00bbdefault\u00bb disabled=\u00bbon\u00bb global_colors_info=\u00bb{}\u00bb][et_pb_row column_structure=\u00bb1_2,1_2&#8243; disabled_on=\u00bboff|off|off\u00bb _builder_version=\u00bb4.27.0&#8243; _module_preset=\u00bbdefault\u00bb locked=\u00bboff\u00bb global_colors_info=\u00bb{}\u00bb][et_pb_column type=\u00bb1_2&#8243; _builder_version=\u00bb4.27.0&#8243; _module_preset=\u00bbdefault\u00bb animation_style=\u00bbfade\u00bb animation_direction=\u00bbleft\u00bb animation_duration=\u00bb800ms\u00bb global_colors_info=\u00bb{}\u00bb][et_pb_image src=\u00bbhttps:\/\/vitalia.com.py\/luque\/wp-content\/uploads\/2025\/04\/casa-modelo-inauguracion.png\u00bb title_text=\u00bbcasa-modelo-inauguracion\u00bb _builder_version=\u00bb4.27.0&#8243; _module_preset=\u00bbdefault\u00bb animation_direction=\u00bbbottom\u00bb global_colors_info=\u00bb{}\u00bb][\/et_pb_image][\/et_pb_column][et_pb_column type=\u00bb1_2&#8243; _builder_version=\u00bb4.27.0&#8243; _module_preset=\u00bbdefault\u00bb animation_style=\u00bbfade\u00bb animation_direction=\u00bbbottom\u00bb global_colors_info=\u00bb{}\u00bb][et_pb_divider color=\u00bbRGBA(255,255,255,0)\u00bb _builder_version=\u00bb4.27.4&#8243; _module_preset=\u00bbdefault\u00bb custom_padding=\u00bb40px||||false|false\u00bb custom_padding_tablet=\u00bb40px||||false|false\u00bb custom_padding_phone=\u00bb40px||||false|false\u00bb custom_padding_last_edited=\u00bbon|desktop\u00bb global_colors_info=\u00bb{}\u00bb][\/et_pb_divider][et_pb_text _builder_version=\u00bb4.27.4&#8243; _module_preset=\u00bbdefault\u00bb header_2_font=\u00bb|800|||||||\u00bb header_2_font_size=\u00bb40px\u00bb animation_style=\u00bbslide\u00bb animation_direction=\u00bbbottom\u00bb animation_intensity_slide=\u00bb20%\u00bb global_colors_info=\u00bb{}\u00bb]<\/p>\n<h2 style=\"text-align: left;\">Inauguraci\u00f3n de casa modelo<\/h2>\n<p>[\/et_pb_text][et_pb_button button_url=\u00bb@ET-DC@eyJkeW5hbWljIjp0cnVlLCJjb250ZW50IjoicG9zdF9saW5rX3VybF9wYWdlIiwic2V0dGluZ3MiOnsicG9zdF9pZCI6IjI2NTYifX0=@\u00bb button_text=\u00bbVER M\u00c1S\u00bb _builder_version=\u00bb4.27.4&#8243; _dynamic_attributes=\u00bbbutton_url\u00bb _module_preset=\u00bbdefault\u00bb custom_button=\u00bbon\u00bb button_text_size=\u00bb16px\u00bb global_colors_info=\u00bb{}\u00bb][\/et_pb_button][\/et_pb_column][\/et_pb_row][\/et_pb_section]<\/p>\n","protected":false},"excerpt":{"rendered":"<p>Vitalia te ofrece una vivienda en un lugar seguro, amplio, con las comodidades que necesitasy cerca de todo.Descubr\u00ed nuestras viviendas dise\u00f1adas para ofrecer calidad de vida, seguridad y un entornoacogedor para tu familia. \u00a1Hace de tu sue\u00f1o una realidad y reserv\u00e1 tu unidad hoy mismo!\u00bfPor qu\u00e9 elegir Vitalia?Contamos con ubicaci\u00f3n estrat\u00e9gica e inmejorable cerca de [&hellip;]<\/p>\n","protected":false},"author":1,"featured_media":0,"parent":0,"menu_order":0,"comment_status":"closed","ping_status":"closed","template":"","meta":{"_et_pb_use_builder":"on","_et_pb_old_content":"","_et_gb_content_width":"","_joinchat":[],"footnotes":""},"difl_page_category":[],"class_list":["post-1494","page","type-page","status-publish","hentry"],"aioseo_notices":[],"_links":{"self":[{"href":"https:\/\/vitalia.com.py\/luque\/wp-json\/wp\/v2\/pages\/1494","targetHints":{"allow":["GET"]}}],"collection":[{"href":"https:\/\/vitalia.com.py\/luque\/wp-json\/wp\/v2\/pages"}],"about":[{"href":"https:\/\/vitalia.com.py\/luque\/wp-json\/wp\/v2\/types\/page"}],"author":[{"embeddable":true,"href":"https:\/\/vitalia.com.py\/luque\/wp-json\/wp\/v2\/users\/1"}],"replies":[{"embeddable":true,"href":"https:\/\/vitalia.com.py\/luque\/wp-json\/wp\/v2\/comments?post=1494"}],"version-history":[{"count":18,"href":"https:\/\/vitalia.com.py\/luque\/wp-json\/wp\/v2\/pages\/1494\/revisions"}],"predecessor-version":[{"id":2818,"href":"https:\/\/vitalia.com.py\/luque\/wp-json\/wp\/v2\/pages\/1494\/revisions\/2818"}],"wp:attachment":[{"href":"https:\/\/vitalia.com.py\/luque\/wp-json\/wp\/v2\/media?parent=1494"}],"wp:term":[{"taxonomy":"difl_page_category","embeddable":true,"href":"https:\/\/vitalia.com.py\/luque\/wp-json\/wp\/v2\/difl_page_category?post=1494"}],"curies":[{"name":"wp","href":"https:\/\/api.w.org\/{rel}","templated":true}]}}