{"id":1593,"date":"2024-06-09T12:50:08","date_gmt":"2024-06-09T16:50:08","guid":{"rendered":"https:\/\/embrion.com.py\/vitalia\/?page_id=1593"},"modified":"2026-02-20T15:34:27","modified_gmt":"2026-02-20T18:34:27","slug":"nosotros","status":"publish","type":"page","link":"https:\/\/vitalia.com.py\/luque\/nosotros\/","title":{"rendered":"NOSOTROS"},"content":{"rendered":"<p>[et_pb_section fb_built=\u00bb1&#8243; fullwidth=\u00bbon\u00bb _builder_version=\u00bb4.27.0&#8243; _module_preset=\u00bbdefault\u00bb global_colors_info=\u00bb{}\u00bb][et_pb_fullwidth_header title=\u00bbNos importa tu calidad de vida.\u00bb text_orientation=\u00bbcenter\u00bb button_one_text=\u00bbSolicit\u00e1 ahora\u00bb button_one_url=\u00bb@ET-DC@eyJkeW5hbWljIjp0cnVlLCJjb250ZW50IjoicG9zdF9saW5rX3VybF9wYWdlIiwic2V0dGluZ3MiOnsicG9zdF9pZCI6IjE4NTIifX0=@\u00bb background_overlay_color=\u00bbrgba(0,0,0,0.3)\u00bb _builder_version=\u00bb4.27.4&#8243; _module_preset=\u00bbdefault\u00bb title_font=\u00bb|600|||||||\u00bb title_font_size=\u00bb50px\u00bb content_font=\u00bb&#8211;et_global_heading_font||on||||||\u00bb content_text_align=\u00bbcenter\u00bb content_font_size=\u00bb24px\u00bb background_enable_color=\u00bboff\u00bb background_image=\u00bbhttp:\/\/vitalia.com.py\/wp-content\/uploads\/2024\/08\/nosotros-vitalia.jpg\u00bb background_position=\u00bbtop_center\u00bb background_vertical_offset=\u00bb21%\u00bb custom_button_one=\u00bbon\u00bb button_one_text_size=\u00bb14px\u00bb button_one_font=\u00bb|||on|||||\u00bb custom_padding=\u00bb190px||190px||false|false\u00bb hover_enabled=\u00bb0&#8243; global_colors_info=\u00bb{}\u00bb _dynamic_attributes=\u00bbbutton_one_url\u00bb sticky_enabled=\u00bb0&#8243;]<\/p>\n<p>Queremos que vivas tu sue\u00f1o, una casa propia para vos y tu familia en barrio seguro.<\/p>\n<p>[\/et_pb_fullwidth_header][\/et_pb_section][et_pb_section fb_built=\u00bb1&#8243; _builder_version=\u00bb4.27.0&#8243; _module_preset=\u00bbdefault\u00bb custom_padding=\u00bb100px||100px||false|false\u00bb global_colors_info=\u00bb{}\u00bb][et_pb_row _builder_version=\u00bb4.27.0&#8243; _module_preset=\u00bbdefault\u00bb animation_style=\u00bbslide\u00bb animation_direction=\u00bbbottom\u00bb animation_intensity_slide=\u00bb20%\u00bb global_colors_info=\u00bb{}\u00bb][et_pb_column type=\u00bb4_4&#8243; _builder_version=\u00bb4.25.1&#8243; _module_preset=\u00bbdefault\u00bb global_colors_info=\u00bb{}\u00bb][et_pb_text _builder_version=\u00bb4.27.0&#8243; _module_preset=\u00bbdefault\u00bb header_2_font=\u00bb|800|||||||\u00bb header_2_font_size=\u00bb40px\u00bb global_colors_info=\u00bb{}\u00bb]<\/p>\n<h2 style=\"text-align: center;\">Conocenos m\u00e1s<\/h2>\n<p>[\/et_pb_text][et_pb_text _builder_version=\u00bb4.27.0&#8243; _module_preset=\u00bbdefault\u00bb text_font_size=\u00bb20px\u00bb header_2_font=\u00bb|800|||||||\u00bb header_2_font_size=\u00bb40px\u00bb global_colors_info=\u00bb{}\u00bb]<\/p>\n<p style=\"text-align: center;\">Somos una desarrolladora inmobiliaria, valoramos la calidad de vida, ya que creemos que moldean nuestro futuro. Nos enorgullece saber que contribuimos al bienestar de las familias paraguayas creando oportunidades de viviendas de calidad, accesibles, seguras y con amenities pensados en la vida familiar cotidiana. SOMOS VITALIA.<\/p>\n<p>[\/et_pb_text][et_pb_testimonial quote_icon=\u00bboff\u00bb _builder_version=\u00bb4.27.0&#8243; _module_preset=\u00bbdefault\u00bb body_font=\u00bb&#8211;et_global_heading_font|500|on||||||\u00bb body_text_color=\u00bb#3c472c\u00bb body_font_size=\u00bb30px\u00bb background_enable_color=\u00bboff\u00bb use_background_color=\u00bboff\u00bb background_enable_image=\u00bboff\u00bb custom_margin=\u00bb||||false|false\u00bb global_colors_info=\u00bb{}\u00bb]<\/p>\n<p style=\"text-align: center;\"><em>El lugar donde vivimos tiene un impacto significativo en nuestra calidad de vida, en nuestra seguridad y bienestar familiar.<\/em><\/p>\n<p>[\/et_pb_testimonial][\/et_pb_column][\/et_pb_row][\/et_pb_section][et_pb_section fb_built=\u00bb1&#8243; _builder_version=\u00bb4.27.0&#8243; _module_preset=\u00bbdefault\u00bb background_color=\u00bbrgba(172,208,132,0.25)\u00bb custom_padding=\u00bb0px|0px|0px|0px|false|false\u00bb global_colors_info=\u00bb{}\u00bb][et_pb_row column_structure=\u00bb1_2,1_2&#8243; use_custom_gutter=\u00bbon\u00bb gutter_width=\u00bb1&#8243; make_equal=\u00bbon\u00bb _builder_version=\u00bb4.27.0&#8243; _module_preset=\u00bbdefault\u00bb width=\u00bb100%\u00bb max_width=\u00bb100%\u00bb custom_padding=\u00bb0px||0px||false|false\u00bb global_colors_info=\u00bb{}\u00bb][et_pb_column type=\u00bb1_2&#8243; _builder_version=\u00bb4.27.0&#8243; _module_preset=\u00bbdefault\u00bb custom_padding=\u00bb50px|100px|50px|100px|false|false\u00bb custom_padding_tablet=\u00bb50px|100px|50px|100px|false|false\u00bb custom_padding_phone=\u00bb50px|50px|50px|50px|false|false\u00bb custom_padding_last_edited=\u00bbon|phone\u00bb global_colors_info=\u00bb{}\u00bb][et_pb_text _builder_version=\u00bb4.27.0&#8243; _module_preset=\u00bbdefault\u00bb animation_style=\u00bbslide\u00bb animation_direction=\u00bbbottom\u00bb animation_intensity_slide=\u00bb15%\u00bb global_colors_info=\u00bb{}\u00bb]<\/p>\n<h2><strong>Historia de Vitalia<\/strong><\/h2>\n<p><span>En 2023, cinco destacados empresarios paraguayos, reconocidos por sus logros en diversos sectores, unieron sus fuerzas con un prop\u00f3sito com\u00fan: transformar el panorama habitacional de Paraguay mediante la oferta de viviendas accesibles y de alta calidad. Compartiendo una visi\u00f3n de igualdad en el acceso a viviendas dignas, estos cinco l\u00edderes decidieron fusionar sus conocimientos y recursos para crear una empresa que pudiera mejorar la oferta de mercado de la vivienda y as\u00ed marcar una diferencia significativa en la calidad de vida de los paraguayos. De esta uni\u00f3n naci\u00f3 Vitalia.<\/span><\/p>\n<p>[\/et_pb_text][\/et_pb_column][et_pb_column type=\u00bb1_2&#8243; _builder_version=\u00bb4.27.0&#8243; _module_preset=\u00bbdefault\u00bb global_colors_info=\u00bb{}\u00bb][et_pb_image src=\u00bbhttp:\/\/vitalia.com.py\/wp-content\/uploads\/2024\/08\/hand-holding-keys-outdoors.jpeg\u00bb title_text=\u00bbhand-holding-keys-outdoors\u00bb align=\u00bbcenter\u00bb force_fullwidth=\u00bbon\u00bb _builder_version=\u00bb4.27.0&#8243; _module_preset=\u00bbdefault\u00bb global_colors_info=\u00bb{}\u00bb][\/et_pb_image][\/et_pb_column][\/et_pb_row][et_pb_row column_structure=\u00bb1_2,1_2&#8243; use_custom_gutter=\u00bbon\u00bb gutter_width=\u00bb1&#8243; make_equal=\u00bbon\u00bb _builder_version=\u00bb4.27.0&#8243; _module_preset=\u00bbdefault\u00bb width=\u00bb100%\u00bb max_width=\u00bb100%\u00bb custom_padding=\u00bb0px||0px||false|false\u00bb global_colors_info=\u00bb{}\u00bb][et_pb_column type=\u00bb1_2&#8243; _builder_version=\u00bb4.27.0&#8243; _module_preset=\u00bbdefault\u00bb global_colors_info=\u00bb{}\u00bb][et_pb_image src=\u00bbhttp:\/\/vitalia.com.py\/wp-content\/uploads\/2024\/08\/vitalia-familia-1.jpg\u00bb title_text=\u00bbvitalia-familia\u00bb align=\u00bbcenter\u00bb force_fullwidth=\u00bbon\u00bb _builder_version=\u00bb4.27.0&#8243; _module_preset=\u00bbdefault\u00bb global_colors_info=\u00bb{}\u00bb][\/et_pb_image][\/et_pb_column][et_pb_column type=\u00bb1_2&#8243; _builder_version=\u00bb4.27.0&#8243; _module_preset=\u00bbdefault\u00bb custom_padding=\u00bb50px|100px|50px|100px|false|false\u00bb custom_padding_tablet=\u00bb50px|100px|50px|100px|false|false\u00bb custom_padding_phone=\u00bb50px|50px|50px|50px|false|false\u00bb custom_padding_last_edited=\u00bbon|phone\u00bb global_colors_info=\u00bb{}\u00bb][et_pb_text _builder_version=\u00bb4.27.0&#8243; _module_preset=\u00bbdefault\u00bb animation_style=\u00bbslide\u00bb animation_direction=\u00bbbottom\u00bb animation_intensity_slide=\u00bb15%\u00bb global_colors_info=\u00bb{}\u00bb]<\/p>\n<h2><strong>Fundaci\u00f3n y Crecimiento<\/strong><\/h2>\n<p><span>Vitalia se fund\u00f3 con un objetivo claro: desarrollar proyectos inmobiliarios que no solo ofrezcan viviendas accesibles, sino que tambi\u00e9n integren comodidades sostenibles y fomenten comunidades apasionantes.<\/span><\/p>\n<p><span>La importancia del lugar donde vivimos radica en su influencia directa en nuestra calidad de vida, bienestar y felicidad. El entorno f\u00edsico, social y cultural en el que residimos puede afectar nuestra salud, seguridad, oportunidades educativas, acceso a servicios b\u00e1sicos, interacciones sociales y sentido de pertenencia.<\/span><\/p>\n<p>[\/et_pb_text][\/et_pb_column][\/et_pb_row][\/et_pb_section][et_pb_section fb_built=\u00bb1&#8243; _builder_version=\u00bb4.27.0&#8243; _module_preset=\u00bbdefault\u00bb custom_padding=\u00bb100px||100px||false|false\u00bb global_colors_info=\u00bb{}\u00bb][et_pb_row column_structure=\u00bb1_2,1_2&#8243; _builder_version=\u00bb4.27.0&#8243; _module_preset=\u00bbdefault\u00bb global_colors_info=\u00bb{}\u00bb][et_pb_column type=\u00bb1_2&#8243; _builder_version=\u00bb4.27.0&#8243; _module_preset=\u00bbdefault\u00bb global_colors_info=\u00bb{}\u00bb][et_pb_blurb title=\u00bbMisi\u00f3n\u00bb image=\u00bbhttp:\/\/vitalia.com.py\/wp-content\/uploads\/2024\/06\/cropped-Iso-dorado_sin-fondo-1.png\u00bb icon_placement=\u00bbleft\u00bb _builder_version=\u00bb4.27.0&#8243; _module_preset=\u00bbdefault\u00bb header_font=\u00bb|700|||||||\u00bb header_font_size=\u00bb30px\u00bb body_font=\u00bb&#8211;et_global_heading_font|200|||||||\u00bb body_font_size=\u00bb22px\u00bb custom_css_blurb_image=\u00bbwidth:50px;\u00bb global_colors_info=\u00bb{}\u00bb]<\/p>\n<p><em>Proveer viviendas de alta calidad y econ\u00f3micamente accesibles, mejorando la calidad de vida de los paraguayos mediante soluciones sostenibles e innovadoras.<\/em><\/p>\n<p>[\/et_pb_blurb][\/et_pb_column][et_pb_column type=\u00bb1_2&#8243; _builder_version=\u00bb4.27.0&#8243; _module_preset=\u00bbdefault\u00bb global_colors_info=\u00bb{}\u00bb][et_pb_blurb title=\u00bbVisi\u00f3n\u00bb image=\u00bbhttp:\/\/vitalia.com.py\/wp-content\/uploads\/2024\/06\/cropped-Iso-dorado_sin-fondo-1.png\u00bb icon_placement=\u00bbleft\u00bb _builder_version=\u00bb4.27.0&#8243; _module_preset=\u00bbdefault\u00bb header_font=\u00bb|700|||||||\u00bb header_font_size=\u00bb30px\u00bb body_font=\u00bb&#8211;et_global_heading_font|200|||||||\u00bb body_font_size=\u00bb22px\u00bb custom_css_blurb_image=\u00bbwidth:50px;\u00bb global_colors_info=\u00bb{}\u00bb]<\/p>\n<p><em>Ser la empresa l\u00edder en desarrollo inmobiliario en Paraguay, reconocida por su compromiso con la sostenibilidad, la innovaci\u00f3n y el impacto social positivo, creando comunidades pr\u00f3speras y cohesionadas.<\/em><\/p>\n<p>[\/et_pb_blurb][\/et_pb_column][\/et_pb_row][\/et_pb_section][et_pb_section fb_built=\u00bb1&#8243; _builder_version=\u00bb4.27.0&#8243; _module_preset=\u00bbdefault\u00bb background_color=\u00bbrgba(172,208,132,0.25)\u00bb custom_padding=\u00bb100px||100px||false|false\u00bb global_colors_info=\u00bb{}\u00bb][et_pb_row _builder_version=\u00bb4.27.0&#8243; _module_preset=\u00bbdefault\u00bb global_colors_info=\u00bb{}\u00bb][et_pb_column type=\u00bb4_4&#8243; _builder_version=\u00bb4.27.0&#8243; _module_preset=\u00bbdefault\u00bb global_colors_info=\u00bb{}\u00bb][et_pb_text _builder_version=\u00bb4.27.0&#8243; _module_preset=\u00bbdefault\u00bb global_colors_info=\u00bb{}\u00bb]<\/p>\n<h2><strong>Nuestros valores<\/strong><\/h2>\n<p>[\/et_pb_text][\/et_pb_column][\/et_pb_row][et_pb_row column_structure=\u00bb1_2,1_2&#8243; _builder_version=\u00bb4.27.0&#8243; _module_preset=\u00bbdefault\u00bb global_colors_info=\u00bb{}\u00bb][et_pb_column type=\u00bb1_2&#8243; _builder_version=\u00bb4.27.0&#8243; _module_preset=\u00bbdefault\u00bb global_colors_info=\u00bb{}\u00bb][ba_info_box photo=\u00bbhttp:\/\/vitalia.com.py\/wp-content\/uploads\/2024\/08\/iconos-vitalia_sostenibilidad.png\u00bb title=\u00bbSostenibilidad\u00bb body_content=\u00bb<\/p>\n<p>Comprometernos con pr\u00e1cticas de construcci\u00f3n y urbanismo que protejan el medio ambiente.<\/p>\n<p>\u00bb content_padding=\u00bb5px|0px|0px|20px|false|false\u00bb figure_placement=\u00bbleft\u00bb image_width=\u00bb20%\u00bb btn_spacing_top=\u00bb40px\u00bb _builder_version=\u00bb4.27.0&#8243; _module_preset=\u00bbdefault\u00bb title_font=\u00bb&#8211;et_global_body_font|700||on|||||\u00bb title_font_size=\u00bb22px\u00bb title_letter_spacing=\u00bb5px\u00bb body_font=\u00bb&#8211;et_global_body_font|300|||||||\u00bb body_text_color=\u00bb#3c472c\u00bb header_font=\u00bb||||||||\u00bb custom_button=\u00bbon\u00bb button_text_size=\u00bb1rem\u00bb button_text_color=\u00bb#3979ff\u00bb button_bg_color=\u00bb#ffffff\u00bb button_border_color=\u00bb#3979ff\u00bb button_border_radius=\u00bb50px\u00bb button_use_icon=\u00bboff\u00bb button_custom_padding=\u00bb0.7rem|2rem|0.7rem|2rem|true|true\u00bb border_radii_photo=\u00bbon|3px|3px|3px|3px\u00bb locked=\u00bboff\u00bb global_colors_info=\u00bb{}\u00bb][\/ba_info_box][\/et_pb_column][et_pb_column type=\u00bb1_2&#8243; _builder_version=\u00bb4.27.0&#8243; _module_preset=\u00bbdefault\u00bb global_colors_info=\u00bb{}\u00bb][ba_info_box photo=\u00bbhttp:\/\/vitalia.com.py\/wp-content\/uploads\/2024\/08\/iconos-vitalia_accesibilidad.png\u00bb title=\u00bbAccesibilidad\u00bb body_content=\u00bb<\/p>\n<p>Ofrecer solucionesfinancieras y de dise\u00f1o que permitan el acceso a viviendas dignas a la mayor cantidad de personas posible.<\/p>\n<p>\u00bb content_padding=\u00bb5px|0px|0px|20px|false|false\u00bb figure_placement=\u00bbleft\u00bb image_width=\u00bb20%\u00bb btn_spacing_top=\u00bb40px\u00bb _builder_version=\u00bb4.27.0&#8243; _module_preset=\u00bbdefault\u00bb title_font=\u00bb&#8211;et_global_body_font|700||on|||||\u00bb title_font_size=\u00bb22px\u00bb title_letter_spacing=\u00bb5px\u00bb body_font=\u00bb&#8211;et_global_body_font|300|||||||\u00bb body_text_color=\u00bb#3c472c\u00bb header_font=\u00bb||||||||\u00bb custom_button=\u00bbon\u00bb button_text_size=\u00bb1rem\u00bb button_text_color=\u00bb#3979ff\u00bb button_bg_color=\u00bb#ffffff\u00bb button_border_color=\u00bb#3979ff\u00bb button_border_radius=\u00bb50px\u00bb button_use_icon=\u00bboff\u00bb button_custom_padding=\u00bb0.7rem|2rem|0.7rem|2rem|true|true\u00bb border_radii_photo=\u00bbon|3px|3px|3px|3px\u00bb locked=\u00bboff\u00bb global_colors_info=\u00bb{}\u00bb][\/ba_info_box][\/et_pb_column][\/et_pb_row][et_pb_row column_structure=\u00bb1_2,1_2&#8243; _builder_version=\u00bb4.27.0&#8243; _module_preset=\u00bbdefault\u00bb global_colors_info=\u00bb{}\u00bb][et_pb_column type=\u00bb1_2&#8243; _builder_version=\u00bb4.27.0&#8243; _module_preset=\u00bbdefault\u00bb global_colors_info=\u00bb{}\u00bb][ba_info_box photo=\u00bbhttp:\/\/vitalia.com.py\/wp-content\/uploads\/2024\/08\/iconos-vitalia_calidad.png\u00bb title=\u00bbCalidad\u00bb body_content=\u00bb<\/p>\n<p>Asegurar que cada proyecto cumpla con los m\u00e1s altos est\u00e1ndares de calidad.<\/p>\n<p>\u00bb content_padding=\u00bb5px|0px|0px|20px|false|false\u00bb figure_placement=\u00bbleft\u00bb image_width=\u00bb20%\u00bb btn_spacing_top=\u00bb40px\u00bb _builder_version=\u00bb4.27.0&#8243; _module_preset=\u00bbdefault\u00bb title_font=\u00bb&#8211;et_global_body_font|700||on|||||\u00bb title_font_size=\u00bb22px\u00bb title_letter_spacing=\u00bb5px\u00bb body_font=\u00bb&#8211;et_global_body_font|300|||||||\u00bb body_text_color=\u00bb#3c472c\u00bb header_font=\u00bb||||||||\u00bb custom_button=\u00bbon\u00bb button_text_size=\u00bb1rem\u00bb button_text_color=\u00bb#3979ff\u00bb button_bg_color=\u00bb#ffffff\u00bb button_border_color=\u00bb#3979ff\u00bb button_border_radius=\u00bb50px\u00bb button_use_icon=\u00bboff\u00bb button_custom_padding=\u00bb0.7rem|2rem|0.7rem|2rem|true|true\u00bb border_radii_photo=\u00bbon|3px|3px|3px|3px\u00bb locked=\u00bboff\u00bb global_colors_info=\u00bb{}\u00bb][\/ba_info_box][\/et_pb_column][et_pb_column type=\u00bb1_2&#8243; _builder_version=\u00bb4.27.0&#8243; _module_preset=\u00bbdefault\u00bb global_colors_info=\u00bb{}\u00bb][ba_info_box photo=\u00bbhttp:\/\/vitalia.com.py\/wp-content\/uploads\/2024\/08\/iconos-vitalia_comunidad.png\u00bb title=\u00bbComunidad\u00bb body_content=\u00bb<\/p>\n<p>Promover el desarrollo de barrios que fomenten la cohesi\u00f3n social y el bienestar de sus habitantes.<\/p>\n<p>\u00bb content_padding=\u00bb5px|0px|0px|20px|false|false\u00bb figure_placement=\u00bbleft\u00bb image_width=\u00bb20%\u00bb btn_spacing_top=\u00bb40px\u00bb _builder_version=\u00bb4.27.0&#8243; _module_preset=\u00bbdefault\u00bb title_font=\u00bb&#8211;et_global_body_font|700||on|||||\u00bb title_font_size=\u00bb22px\u00bb title_letter_spacing=\u00bb5px\u00bb body_font=\u00bb&#8211;et_global_body_font|300|||||||\u00bb body_text_color=\u00bb#3c472c\u00bb header_font=\u00bb||||||||\u00bb custom_button=\u00bbon\u00bb button_text_size=\u00bb1rem\u00bb button_text_color=\u00bb#3979ff\u00bb button_bg_color=\u00bb#ffffff\u00bb button_border_color=\u00bb#3979ff\u00bb button_border_radius=\u00bb50px\u00bb button_use_icon=\u00bboff\u00bb button_custom_padding=\u00bb0.7rem|2rem|0.7rem|2rem|true|true\u00bb border_radii_photo=\u00bbon|3px|3px|3px|3px\u00bb locked=\u00bboff\u00bb global_colors_info=\u00bb{}\u00bb][\/ba_info_box][\/et_pb_column][\/et_pb_row][et_pb_row _builder_version=\u00bb4.27.0&#8243; _module_preset=\u00bbdefault\u00bb global_colors_info=\u00bb{}\u00bb][et_pb_column type=\u00bb4_4&#8243; _builder_version=\u00bb4.27.0&#8243; _module_preset=\u00bbdefault\u00bb global_colors_info=\u00bb{}\u00bb][ba_info_box photo=\u00bbhttp:\/\/vitalia.com.py\/wp-content\/uploads\/2024\/08\/iconos-vitalia_integridad.png\u00bb title=\u00bbINTEGRIDAD\u00bb body_content=\u00bb<\/p>\n<p>Actuar con transparencia y \u00e9tica en todas nuestras operaciones y relaciones. De cara al futuro, Vitalia planea expandirse a otras \u00e1reas del pa\u00eds y explorar nuevas tecnolog\u00edas y m\u00e9todos de construcci\u00f3n que contin\u00faen reduciendo costos y mejorando la ficiencia. Adem\u00e1s, busca consolidar su modelo de negocio para exportar su experiencia y contribuir al desarrollo de viviendas accesibles en otros pa\u00edses de Am\u00e9rica Latina. Vitalia no es solo una empresa de desarrollo inmobiliario; es una fuerza transformadora comprometida con la creaci\u00f3n de un Paraguay m\u00e1s justo y sostenible.<\/p>\n<p>\u00bb content_padding=\u00bb5px|0px|0px|20px|false|false\u00bb figure_placement=\u00bbleft\u00bb image_width=\u00bb10%\u00bb btn_spacing_top=\u00bb40px\u00bb image_width_tablet=\u00bb10%\u00bb image_width_phone=\u00bb20%\u00bb image_width_last_edited=\u00bbon|phone\u00bb _builder_version=\u00bb4.27.0&#8243; _module_preset=\u00bbdefault\u00bb title_font=\u00bb&#8211;et_global_body_font|700|||||||\u00bb title_font_size=\u00bb22px\u00bb title_letter_spacing=\u00bb5px\u00bb body_font=\u00bb&#8211;et_global_body_font|300|||||||\u00bb body_text_color=\u00bb#3c472c\u00bb custom_button=\u00bbon\u00bb button_text_size=\u00bb1rem\u00bb button_text_color=\u00bb#3979ff\u00bb button_bg_color=\u00bb#ffffff\u00bb button_border_color=\u00bb#3979ff\u00bb button_border_radius=\u00bb50px\u00bb button_use_icon=\u00bboff\u00bb button_custom_padding=\u00bb0.7rem|2rem|0.7rem|2rem|true|true\u00bb border_radii_photo=\u00bbon|3px|3px|3px|3px\u00bb locked=\u00bboff\u00bb global_colors_info=\u00bb{}\u00bb][\/ba_info_box][\/et_pb_column][\/et_pb_row][\/et_pb_section]<\/p>\n","protected":false},"excerpt":{"rendered":"<p>Queremos que vivas tu sue\u00f1o, una casa propia para vos y tu familia en barrio seguro.Conocenos m\u00e1sSomos una desarrolladora inmobiliaria, valoramos la calidad de vida, ya que creemos que moldean nuestro futuro. Nos enorgullece saber que contribuimos al bienestar de las familias paraguayas creando oportunidades de viviendas de calidad, accesibles, seguras y con amenities pensados [&hellip;]<\/p>\n","protected":false},"author":1,"featured_media":0,"parent":0,"menu_order":0,"comment_status":"closed","ping_status":"closed","template":"","meta":{"_et_pb_use_builder":"on","_et_pb_old_content":"","_et_gb_content_width":"","_joinchat":[],"footnotes":""},"difl_page_category":[],"class_list":["post-1593","page","type-page","status-publish","hentry"],"aioseo_notices":[],"_links":{"self":[{"href":"https:\/\/vitalia.com.py\/luque\/wp-json\/wp\/v2\/pages\/1593","targetHints":{"allow":["GET"]}}],"collection":[{"href":"https:\/\/vitalia.com.py\/luque\/wp-json\/wp\/v2\/pages"}],"about":[{"href":"https:\/\/vitalia.com.py\/luque\/wp-json\/wp\/v2\/types\/page"}],"author":[{"embeddable":true,"href":"https:\/\/vitalia.com.py\/luque\/wp-json\/wp\/v2\/users\/1"}],"replies":[{"embeddable":true,"href":"https:\/\/vitalia.com.py\/luque\/wp-json\/wp\/v2\/comments?post=1593"}],"version-history":[{"count":4,"href":"https:\/\/vitalia.com.py\/luque\/wp-json\/wp\/v2\/pages\/1593\/revisions"}],"predecessor-version":[{"id":2790,"href":"https:\/\/vitalia.com.py\/luque\/wp-json\/wp\/v2\/pages\/1593\/revisions\/2790"}],"wp:attachment":[{"href":"https:\/\/vitalia.com.py\/luque\/wp-json\/wp\/v2\/media?parent=1593"}],"wp:term":[{"taxonomy":"difl_page_category","embeddable":true,"href":"https:\/\/vitalia.com.py\/luque\/wp-json\/wp\/v2\/difl_page_category?post=1593"}],"curies":[{"name":"wp","href":"https:\/\/api.w.org\/{rel}","templated":true}]}}